{"id":22,"date":"2023-01-28T14:13:44","date_gmt":"2023-01-28T14:13:44","guid":{"rendered":"https:\/\/rad.asvi.at\/?page_id=22"},"modified":"2023-02-03T06:29:33","modified_gmt":"2023-02-03T06:29:33","slug":"hobbysport","status":"publish","type":"page","link":"https:\/\/rad.asvi.at\/?page_id=22","title":{"rendered":"Hobbysport"},"content":{"rendered":"<div id=\"gutenslider-fnypntmyi\" class=\"wp-block-eedee-block-gutenslider content-change alignnone arrow-style-1 arrow-position-sides arrow-mb-none arrows-lg arrows-md arrows-sm dot-style-1 dots-lg dots-md dots-sm dot-position-bottom is-position-center-center mb-none\" style=\"--gutenslider-min-height: 50vh;--gutenslider-arrow-size: 30px;--gutenslider-dot-size: 25px;--gutenslider-arrow-color: #000000;--gutenslider-dot-color: #000000;--gutenslider-padding-y-mobile: 40px;--gutenslider-padding-x-mobile: 40px;--gutenslider-padding-y-tablet: 40px;--gutenslider-padding-x-tablet: 40px;--gutenslider-padding-y-desktop: 40px;--gutenslider-padding-x-desktop: 40px;--gutenslider-bg-image: url();--gutenslider-min-height-md: 50vh;--gutenslider-min-height-sm: 50vh;--gutenslider-padding-x: 69px;--gutenslider-padding-x-md: 69px;--gutenslider-padding-x-sm: 69px;--gutenslider-padding-y: 40px;--gutenslider-padding-y-md: 40px;--gutenslider-padding-y-sm: 20px;--gutenslider-arrow-size-md: 30px;--gutenslider-arrow-size-sm: 30px;--gutenslider-dot-size-md: 25px;--gutenslider-dot-size-sm: 25px;--gutenslider-arrow-bg-color: transparent;--gutenslider-arrow-hover-color: #000000bb;--gutenslider-arrow-bg-hover-color: transparent;--gutenslider-arrow-x-offset: 10px;--gutenslider-arrow-x-offset-md: 10px;--gutenslider-arrow-x-offset-sm: 10px;--gutenslider-arrow-y-offset: 0px;--gutenslider-arrow-y-offset-md: 0px;--gutenslider-arrow-y-offset-sm: 0px;--gutenslider-arrow-x-spacing: 0px;--gutenslider-dot-y-offset: 10px;--gutenslider-dot-y-offset-md: 10px;--gutenslider-dot-y-offset-sm: 10px;--gutenslider-margin-x: 0px;--gutenslider-margin-x-md: 0px;--gutenslider-margin-x-sm: 0px;--gutenslider-margin-y: 0px;--gutenslider-margin-y-md: 0px;--gutenslider-margin-y-sm: 0px;--gutenslider-divider-top: 60px;--gutenslider-divider-bottom: 60px;--gutenslider-lightgallery-bg: #ffffff;--gutenslider-lightgallery-font: #000000;\" data-parallax-direction=\"down\" data-parallax-amount=\"1.3\" data-lg-transition=\"lg-slide\" data-hash=\"\"><div class=\"eedee-swiper-outer\"><div class=\"gutenslider-divider-top\" style=\"color:#fff; height:60px;\"><\/div><div class=\"swiper\" data-settings='{\"autoplay\":{\"delay\":3000,\"pauseOnMouseEnter\":true,\"disableOnInteraction\":false},\"speed\":700,\"direction\":\"horizontal\",\"autoHeight\":\"\",\"loop\":true,\"centeredSlides\":false,\"spaceBetween\":0,\"slidesPerView\":\"auto\",\"slidesPerGroup\":1,\"effect\":\"slide\",\"coverflowEffect\":{\"rotate\":30,\"slideShadows\":false,\"depth\":100,\"stretch\":50,\"modifier\":1},\"fadeEffect\":{\"crossFade\":true},\"zoom\":\"\",\"navigation\":{\"nextEl\":\"#gutenslider-fnypntmyi .eedee-gutenslider-next\",\"prevEl\":\"#gutenslider-fnypntmyi .eedee-gutenslider-prev\"},\"pagination\":{\"type\":\"bullets\",\"clickable\":true,\"dynamicBullets\":false,\"el\":\"#gutenslider-fnypntmyi .eedee-gutenslider-pagination\"},\"pauseOnHover\":\"1\",\"watchSlidesProgress\":true,\"watchSlidesVisibility\":true,\"settingsMd\":{\"autoHeight\":\"\",\"slidesPerView\":\"auto\",\"slidesPerGroup\":1,\"spaceBetween\":0},\"settingsLg\":{\"autoHeight\":\"\",\"slidesPerView\":\"auto\",\"slidesPerGroup\":1,\"spaceBetween\":0},\"hasLg\":false,\"hasLgCounter\":true,\"isFullScreen\":false,\"arrowsFollowMouse\":false,\"lgTitle\":\"none\",\"lgCaption\":\"none\",\"lgThumbnails\":true,\"keyboard\":{\"keyboard\":{\"enabled\":true,\"onlyInViewport\":true}},\"hashNavigation\":false}'><div class=\"swiper-wrapper\">\n<div class=\"swiper-slide wp-block-eedee-block-gutenslide is-position-center-center ed-bg-image\" style=\"--ed-vw:300;--ed-vh:196;\" data-hash=\"\"><div class=\"eedee-background-div bg-image\"><img loading=\"lazy\" decoding=\"async\" width=\"1024\" height=\"669\" class=\"swiper-lazy wp-image-117\" src=\"https:\/\/rad.asvi.at\/wp-content\/uploads\/2023\/02\/IMG-20221113-WA0002-1024x669.jpg\" alt=\"\" style=\"object-fit: cover; object-position: 50% 50%;\"  data-title=\"IMG-20221113-WA0002\" srcset=\"https:\/\/rad.asvi.at\/wp-content\/uploads\/2023\/02\/IMG-20221113-WA0002-1024x669.jpg 1024w, https:\/\/rad.asvi.at\/wp-content\/uploads\/2023\/02\/IMG-20221113-WA0002-300x196.jpg 300w, https:\/\/rad.asvi.at\/wp-content\/uploads\/2023\/02\/IMG-20221113-WA0002-768x502.jpg 768w, https:\/\/rad.asvi.at\/wp-content\/uploads\/2023\/02\/IMG-20221113-WA0002-1536x1003.jpg 1536w, https:\/\/rad.asvi.at\/wp-content\/uploads\/2023\/02\/IMG-20221113-WA0002-1600x1045.jpg 1600w, https:\/\/rad.asvi.at\/wp-content\/uploads\/2023\/02\/IMG-20221113-WA0002.jpg 1721w\" sizes=\"auto, (max-width: 1024px) 100vw, 1024px\" \/><div class=\"eedee-background-div__overlay\" style=\"opacity:1;\"><\/div><\/div><div class=\"slide-content\">\n\n<p class=\"has-text-align-center gutenslider-content-initial has-larger-font-size\"><\/p>\n\n<\/div><\/div>\n\n<div class=\"swiper-slide wp-block-eedee-block-gutenslide is-position-center-center ed-bg-image\" style=\"--ed-vw:300;--ed-vh:200;\" data-hash=\"\"><div class=\"eedee-background-div bg-image\"><img loading=\"lazy\" decoding=\"async\" width=\"1024\" height=\"682\" class=\"swiper-lazy wp-image-116\" src=\"https:\/\/rad.asvi.at\/wp-content\/uploads\/2023\/02\/IMG-20210502-WA0024-1024x682.jpg\" alt=\"\" style=\"object-fit: cover; object-position: 50% 50%;\"  data-title=\"IMG-20210502-WA0024\" srcset=\"https:\/\/rad.asvi.at\/wp-content\/uploads\/2023\/02\/IMG-20210502-WA0024-1024x682.jpg 1024w, https:\/\/rad.asvi.at\/wp-content\/uploads\/2023\/02\/IMG-20210502-WA0024-300x200.jpg 300w, https:\/\/rad.asvi.at\/wp-content\/uploads\/2023\/02\/IMG-20210502-WA0024-768x512.jpg 768w, https:\/\/rad.asvi.at\/wp-content\/uploads\/2023\/02\/IMG-20210502-WA0024-1536x1023.jpg 1536w, https:\/\/rad.asvi.at\/wp-content\/uploads\/2023\/02\/IMG-20210502-WA0024-930x620.jpg 930w, https:\/\/rad.asvi.at\/wp-content\/uploads\/2023\/02\/IMG-20210502-WA0024.jpg 1600w\" sizes=\"auto, (max-width: 1024px) 100vw, 1024px\" \/><div class=\"eedee-background-div__overlay\" style=\"opacity:1;\"><\/div><\/div><div class=\"slide-content\">\n\n<p class=\"has-text-align-center gutenslider-content-initial has-larger-font-size\"><\/p>\n\n<\/div><\/div>\n\n<div class=\"swiper-slide wp-block-eedee-block-gutenslide is-position-center-center ed-bg-image\" style=\"--ed-vw:300;--ed-vh:200;\" data-hash=\"\"><div class=\"eedee-background-div bg-image\"><img loading=\"lazy\" decoding=\"async\" width=\"1024\" height=\"683\" class=\"swiper-lazy wp-image-115\" src=\"https:\/\/rad.asvi.at\/wp-content\/uploads\/2023\/02\/IMG_6904.CR2_-1024x683.jpg\" alt=\"\" style=\"object-fit: cover; object-position: 50% 50%;\"  data-title=\"IMG_6904.CR2\" srcset=\"https:\/\/rad.asvi.at\/wp-content\/uploads\/2023\/02\/IMG_6904.CR2_-1024x683.jpg 1024w, https:\/\/rad.asvi.at\/wp-content\/uploads\/2023\/02\/IMG_6904.CR2_-300x200.jpg 300w, https:\/\/rad.asvi.at\/wp-content\/uploads\/2023\/02\/IMG_6904.CR2_-768x512.jpg 768w, https:\/\/rad.asvi.at\/wp-content\/uploads\/2023\/02\/IMG_6904.CR2_-1536x1024.jpg 1536w, https:\/\/rad.asvi.at\/wp-content\/uploads\/2023\/02\/IMG_6904.CR2_-2048x1366.jpg 2048w, https:\/\/rad.asvi.at\/wp-content\/uploads\/2023\/02\/IMG_6904.CR2_-930x620.jpg 930w, https:\/\/rad.asvi.at\/wp-content\/uploads\/2023\/02\/IMG_6904.CR2_-1600x1067.jpg 1600w\" sizes=\"auto, (max-width: 1024px) 100vw, 1024px\" \/><div class=\"eedee-background-div__overlay\" style=\"opacity:1;\"><\/div><\/div><div class=\"slide-content\">\n\n<p class=\"has-text-align-center gutenslider-content-initial has-larger-font-size\"><\/p>\n\n<\/div><\/div>\n\n<div class=\"swiper-slide wp-block-eedee-block-gutenslide is-position-center-center ed-bg-image\" style=\"--ed-vw:300;--ed-vh:200;\" data-hash=\"\"><div class=\"eedee-background-div bg-image\"><img loading=\"lazy\" decoding=\"async\" width=\"1024\" height=\"683\" class=\"swiper-lazy wp-image-114\" src=\"https:\/\/rad.asvi.at\/wp-content\/uploads\/2023\/02\/GEPA-20220728-101-115-0004-1024x683.jpg\" alt=\"\" style=\"object-fit: cover; object-position: 50% 50%;\"  data-title=\"GEPA-20220728-101-115-0004\" srcset=\"https:\/\/rad.asvi.at\/wp-content\/uploads\/2023\/02\/GEPA-20220728-101-115-0004-1024x683.jpg 1024w, https:\/\/rad.asvi.at\/wp-content\/uploads\/2023\/02\/GEPA-20220728-101-115-0004-300x200.jpg 300w, https:\/\/rad.asvi.at\/wp-content\/uploads\/2023\/02\/GEPA-20220728-101-115-0004-768x512.jpg 768w, https:\/\/rad.asvi.at\/wp-content\/uploads\/2023\/02\/GEPA-20220728-101-115-0004-1536x1024.jpg 1536w, https:\/\/rad.asvi.at\/wp-content\/uploads\/2023\/02\/GEPA-20220728-101-115-0004-2048x1366.jpg 2048w, https:\/\/rad.asvi.at\/wp-content\/uploads\/2023\/02\/GEPA-20220728-101-115-0004-930x620.jpg 930w, https:\/\/rad.asvi.at\/wp-content\/uploads\/2023\/02\/GEPA-20220728-101-115-0004-1600x1067.jpg 1600w\" sizes=\"auto, (max-width: 1024px) 100vw, 1024px\" \/><div class=\"eedee-background-div__overlay\" style=\"opacity:1;\"><\/div><\/div><div class=\"slide-content\">\n\n<p class=\"has-text-align-center gutenslider-content-initial has-larger-font-size\"><\/p>\n\n<\/div><\/div>\n\n<div class=\"swiper-slide wp-block-eedee-block-gutenslide is-position-center-center ed-bg-image\" style=\"--ed-vw:300;--ed-vh:200;\" data-hash=\"\"><div class=\"eedee-background-div bg-image\"><img loading=\"lazy\" decoding=\"async\" width=\"1024\" height=\"683\" class=\"swiper-lazy wp-image-112\" src=\"https:\/\/rad.asvi.at\/wp-content\/uploads\/2023\/02\/DSC_3079-Ramona-1024x683.jpg\" alt=\"\" style=\"object-fit: cover; object-position: 50% 50%;\"  data-title=\"DSC_3079 Ramona\" srcset=\"https:\/\/rad.asvi.at\/wp-content\/uploads\/2023\/02\/DSC_3079-Ramona-1024x683.jpg 1024w, https:\/\/rad.asvi.at\/wp-content\/uploads\/2023\/02\/DSC_3079-Ramona-300x200.jpg 300w, https:\/\/rad.asvi.at\/wp-content\/uploads\/2023\/02\/DSC_3079-Ramona-768x512.jpg 768w, https:\/\/rad.asvi.at\/wp-content\/uploads\/2023\/02\/DSC_3079-Ramona-1536x1024.jpg 1536w, https:\/\/rad.asvi.at\/wp-content\/uploads\/2023\/02\/DSC_3079-Ramona-2048x1365.jpg 2048w, https:\/\/rad.asvi.at\/wp-content\/uploads\/2023\/02\/DSC_3079-Ramona-930x620.jpg 930w, https:\/\/rad.asvi.at\/wp-content\/uploads\/2023\/02\/DSC_3079-Ramona-1600x1067.jpg 1600w\" sizes=\"auto, (max-width: 1024px) 100vw, 1024px\" \/><div class=\"eedee-background-div__overlay\" style=\"opacity:1;\"><\/div><\/div><div class=\"slide-content\">\n\n<p class=\"has-text-align-center gutenslider-content-initial has-larger-font-size\"><\/p>\n\n<\/div><\/div>\n\n<div class=\"swiper-slide wp-block-eedee-block-gutenslide is-position-center-center ed-bg-image\" style=\"--ed-vw:300;--ed-vh:200;\" data-hash=\"\"><div class=\"eedee-background-div bg-image\"><img loading=\"lazy\" decoding=\"async\" width=\"1024\" height=\"683\" class=\"swiper-lazy wp-image-111\" src=\"https:\/\/rad.asvi.at\/wp-content\/uploads\/2023\/02\/DSC_2933-Ramona-1024x683.jpg\" alt=\"\" style=\"object-fit: cover; object-position: 50% 50%;\"  data-title=\"DSC_2933 Ramona\" srcset=\"https:\/\/rad.asvi.at\/wp-content\/uploads\/2023\/02\/DSC_2933-Ramona-1024x683.jpg 1024w, https:\/\/rad.asvi.at\/wp-content\/uploads\/2023\/02\/DSC_2933-Ramona-300x200.jpg 300w, https:\/\/rad.asvi.at\/wp-content\/uploads\/2023\/02\/DSC_2933-Ramona-768x512.jpg 768w, https:\/\/rad.asvi.at\/wp-content\/uploads\/2023\/02\/DSC_2933-Ramona-1536x1024.jpg 1536w, https:\/\/rad.asvi.at\/wp-content\/uploads\/2023\/02\/DSC_2933-Ramona-2048x1365.jpg 2048w, https:\/\/rad.asvi.at\/wp-content\/uploads\/2023\/02\/DSC_2933-Ramona-930x620.jpg 930w, https:\/\/rad.asvi.at\/wp-content\/uploads\/2023\/02\/DSC_2933-Ramona-1600x1067.jpg 1600w\" sizes=\"auto, (max-width: 1024px) 100vw, 1024px\" \/><div class=\"eedee-background-div__overlay\" style=\"opacity:1;\"><\/div><\/div><div class=\"slide-content\">\n\n<p class=\"has-text-align-center gutenslider-content-initial has-larger-font-size\"><\/p>\n\n<\/div><\/div>\n<\/div><\/div><button class=\"eedee-gutenslider-nav eedee-gutenslider-prev\"><svg xmlns=\"http:\/\/www.w3.org\/2000\/svg\" viewBox=\"0 0 24 24\" width=\"24\" height=\"24\"><circle class=\"bg\" cx=\"13\" cy=\"12\" r=\"11\" \/><path fill=\"none\" d=\"M0 0h24v24H0z\"\/><path class=\"arrow\" d=\"M10.828 12l4.95 4.95-1.414 1.414L8 12l6.364-6.364 1.414 1.414z\"\/><\/svg><\/button><button class=\"eedee-gutenslider-nav eedee-gutenslider-next\"><svg xmlns=\"http:\/\/www.w3.org\/2000\/svg\" viewBox=\"0 0 24 24\" width=\"24\" height=\"24\"><circle class=\"bg\" cx=\"11\" cy=\"12\" r=\"11\" \/><path fill=\"none\" d=\"M0 0h24v24H0z\"\/><path class=\"arrow\" d=\"M13.172 12l-4.95-4.95 1.414-1.414L16 12l-6.364 6.364-1.414-1.414z\"\/><\/svg><\/button><div class=\"eedee-gutenslider-pagination\"><\/div><\/div><div class=\"gutenslider-divider-bottom \" style=\"color:#fff; height:60px;\"><\/div><\/div>\n\n\n<div style=\"height:80px\" aria-hidden=\"true\" class=\"wp-block-spacer\"><\/div>\n\n\n\n<p>Wundersch\u00f6ne Touren im In- und Ausland werden von sehr erfahrenen Radsportlern organisiert und gemeinsam erradelt.<br>Im interessanten Programm finden sich Touren f\u00fcr jede und jeden, von der \u201cgem\u00fctlichen\u201d Seenrunde bis zu anspruchsvollen Touren \u00fcber mehrere Alpenp\u00e4sse.<br>Beim j\u00e4hrlichen Abschlussabend freut sich auch das Rennteam \u00fcber die tollen Vortr\u00e4ge der diversen Ausfahrten.<br>Immer wieder sind Fahrer der Touristikmannschaft bei sehr anspruchsvollen Tagesfahrten wie zum Beispiel dem Dreil\u00e4ndergiro, dem \u00d6tztaler Radmarathon oder sogar der Jeantex Tour Transalp auf bemerkenswerten Platzierungen zu finden.<\/p>\n\n\n\n<p>Bei Interesse bitte Kontakt per Mail mit <a href=\"mailto:fam.griessser@gmail.com\">fam.griessser@gmail.com<\/a><\/p>\n","protected":false},"excerpt":{"rendered":"<p>Wundersch\u00f6ne Touren im In- und Ausland werden von sehr erfahrenen Radsportlern organisiert und gemeinsam erradelt.Im interessanten Programm finden sich Touren f\u00fcr jede und jeden, von der \u201cgem\u00fctlichen\u201d Seenrunde bis zu anspruchsvollen Touren \u00fcber mehrere Alpenp\u00e4sse.Beim j\u00e4hrlichen Abschlussabend freut sich auch das Rennteam \u00fcber die tollen Vortr\u00e4ge der diversen Ausfahrten.Immer wieder sind Fahrer der Touristikmannschaft bei&hellip;&nbsp;<a href=\"https:\/\/rad.asvi.at\/?page_id=22\" class=\"\" rel=\"bookmark\">Weiterlesen &raquo;<span class=\"screen-reader-text\">Hobbysport<\/span><\/a><\/p>\n","protected":false},"author":1,"featured_media":0,"parent":0,"menu_order":0,"comment_status":"closed","ping_status":"closed","template":"","meta":{"neve_meta_sidebar":"","neve_meta_container":"","neve_meta_enable_content_width":"","neve_meta_content_width":0,"neve_meta_title_alignment":"","neve_meta_author_avatar":"","neve_post_elements_order":"","neve_meta_disable_header":"","neve_meta_disable_footer":"","neve_meta_disable_title":"","footnotes":""},"class_list":["post-22","page","type-page","status-publish","hentry"],"featured_image_urls":{"full":"","thumbnail":"","medium":"","medium_large":"","large":"","xl":"","xxl":"","xxxl":"","xxxxl":"","xxxxxl":"","1536x1536":"","2048x2048":"","neve-blog":""},"post_excerpt_stackable":"<p>Wundersch\u00f6ne Touren im In- und Ausland werden von sehr erfahrenen Radsportlern organisiert und gemeinsam erradelt.Im interessanten Programm finden sich Touren f\u00fcr jede und jeden, von der \u201cgem\u00fctlichen\u201d Seenrunde bis zu anspruchsvollen Touren \u00fcber mehrere Alpenp\u00e4sse.Beim j\u00e4hrlichen Abschlussabend freut sich auch das Rennteam \u00fcber die tollen Vortr\u00e4ge der diversen Ausfahrten.Immer wieder sind Fahrer der Touristikmannschaft bei sehr anspruchsvollen Tagesfahrten wie zum Beispiel dem Dreil\u00e4ndergiro, dem \u00d6tztaler Radmarathon oder sogar der Jeantex Tour Transalp auf bemerkenswerten Platzierungen zu finden. Bei Interesse bitte Kontakt per Mail mit fam.griessser@gmail.com<\/p>\n","category_list":"","author_info":{"name":"admin","url":"https:\/\/rad.asvi.at\/?author=1"},"comments_num":"0 comments","_links":{"self":[{"href":"https:\/\/rad.asvi.at\/index.php?rest_route=\/wp\/v2\/pages\/22","targetHints":{"allow":["GET"]}}],"collection":[{"href":"https:\/\/rad.asvi.at\/index.php?rest_route=\/wp\/v2\/pages"}],"about":[{"href":"https:\/\/rad.asvi.at\/index.php?rest_route=\/wp\/v2\/types\/page"}],"author":[{"embeddable":true,"href":"https:\/\/rad.asvi.at\/index.php?rest_route=\/wp\/v2\/users\/1"}],"replies":[{"embeddable":true,"href":"https:\/\/rad.asvi.at\/index.php?rest_route=%2Fwp%2Fv2%2Fcomments&post=22"}],"version-history":[{"count":4,"href":"https:\/\/rad.asvi.at\/index.php?rest_route=\/wp\/v2\/pages\/22\/revisions"}],"predecessor-version":[{"id":135,"href":"https:\/\/rad.asvi.at\/index.php?rest_route=\/wp\/v2\/pages\/22\/revisions\/135"}],"wp:attachment":[{"href":"https:\/\/rad.asvi.at\/index.php?rest_route=%2Fwp%2Fv2%2Fmedia&parent=22"}],"curies":[{"name":"wp","href":"https:\/\/api.w.org\/{rel}","templated":true}]}}